{"id":8,"date":"2014-09-11T10:40:18","date_gmt":"2014-09-11T08:40:18","guid":{"rendered":"http:\/\/www.moser-orthopaedie.de\/neu\/?page_id=8"},"modified":"2014-09-11T10:45:23","modified_gmt":"2014-09-11T08:45:23","slug":"orthopaedische-einlagen","status":"publish","type":"page","link":"https:\/\/www.moser-orthopaedie.de\/?page_id=8","title":{"rendered":"Orthop\u00e4dische Einlagen"},"content":{"rendered":"<p>Unsere F\u00fc\u00dfe sind die mit am meisten beanspruchten K\u00f6rperteile \u00fcberhaupt.<br \/>\nAuf sie m\u00fcssen wir uns verlassen, denn sie tragen uns durch unser Leben.<br \/>\nKein Fu\u00df ist wie der andere, denn die hohe anatomische und funktionale Komplexit\u00e4t unserer F\u00fc\u00dfe wirkt sich auf jeden Menschen anders aus.<\/p>\n<p>&nbsp;<\/p>\n<p>Speziell gefertigte Einlagen helfen bei vielen Fu\u00dfproblemen von Senkfu\u00df bis Fersensporn.<br \/>\nWir verschaffen ihnen einen weichen Auftritt<\/p>\n","protected":false},"excerpt":{"rendered":"<p>Unsere F\u00fc\u00dfe sind die mit am meisten beanspruchten K\u00f6rperteile \u00fcberhaupt. Auf sie m\u00fcssen wir uns verlassen, denn sie tragen uns durch unser Leben. Kein Fu\u00df ist wie der andere, denn die hohe anatomische und funktionale Komplexit\u00e4t unserer F\u00fc\u00dfe wirkt sich auf jeden Menschen anders aus. &nbsp; Speziell gefertigte Einlagen helfen &#8230;<\/p>\n","protected":false},"author":1,"featured_media":0,"parent":0,"menu_order":0,"comment_status":"closed","ping_status":"closed","template":"","meta":{"footnotes":""},"class_list":["post-8","page","type-page","status-publish","hentry","column","threecol"],"_links":{"self":[{"href":"https:\/\/www.moser-orthopaedie.de\/index.php?rest_route=\/wp\/v2\/pages\/8","targetHints":{"allow":["GET"]}}],"collection":[{"href":"https:\/\/www.moser-orthopaedie.de\/index.php?rest_route=\/wp\/v2\/pages"}],"about":[{"href":"https:\/\/www.moser-orthopaedie.de\/index.php?rest_route=\/wp\/v2\/types\/page"}],"author":[{"embeddable":true,"href":"https:\/\/www.moser-orthopaedie.de\/index.php?rest_route=\/wp\/v2\/users\/1"}],"replies":[{"embeddable":true,"href":"https:\/\/www.moser-orthopaedie.de\/index.php?rest_route=%2Fwp%2Fv2%2Fcomments&post=8"}],"version-history":[{"count":1,"href":"https:\/\/www.moser-orthopaedie.de\/index.php?rest_route=\/wp\/v2\/pages\/8\/revisions"}],"predecessor-version":[{"id":9,"href":"https:\/\/www.moser-orthopaedie.de\/index.php?rest_route=\/wp\/v2\/pages\/8\/revisions\/9"}],"wp:attachment":[{"href":"https:\/\/www.moser-orthopaedie.de\/index.php?rest_route=%2Fwp%2Fv2%2Fmedia&parent=8"}],"curies":[{"name":"wp","href":"https:\/\/api.w.org\/{rel}","templated":true}]}}