{"id":10,"date":"2014-09-11T10:40:38","date_gmt":"2014-09-11T08:40:38","guid":{"rendered":"http:\/\/www.moser-orthopaedie.de\/neu\/?page_id=10"},"modified":"2014-09-11T10:45:33","modified_gmt":"2014-09-11T08:45:33","slug":"schuhzurichtung","status":"publish","type":"page","link":"https:\/\/www.moser-orthopaedie.de\/?page_id=10","title":{"rendered":"Schuhzurichtung"},"content":{"rendered":"<p>Orthop\u00e4dische Ma\u00dfschuhe: die gro\u00dfe L\u00f6sung, wenn die vielen kleinen nicht ausreichen.<\/p>\n<p>Formver\u00e4nderung und Stellungskorrekturen an Schuhwerk aller Art, einschlie\u00dflich fu\u00dfgerechter Zurichtung an Ma\u00df<br \/>\nund Konfektionsschuhen, werden hier im Meisterbetrieb exakt ausgef\u00fchrt.<\/p>\n<p>Die orthop\u00e4dische Zurichtung kann viele Probleme des kranken Fu\u00dfes l\u00f6sen.<\/p>\n<p>Eine exakte Untersuchung der Fu\u00dfabschnitte ist Voraussetzung der Zurichtung an Absatz, Sohle und Schaft.<\/p>\n<p>Der Schuhmachermeister muss in der Lage sein, den W\u00fcnschen und Gedanken des Arztes zu folgen und die Schuhtechnischen Probleme zu l\u00f6sen. Selbstverst\u00e4ndlich werden Kundenw\u00fcnsche mit einbezogen.<\/p>\n<p>Langj\u00e4hrige Erfahrung in Orthop\u00e4discher Schuhzurichtung sorgen f\u00fcr besseres Geh- und Stehverm\u00f6gen und so f\u00fcr Ihr Wohlbefinden.<\/p>\n","protected":false},"excerpt":{"rendered":"<p>Orthop\u00e4dische Ma\u00dfschuhe: die gro\u00dfe L\u00f6sung, wenn die vielen kleinen nicht ausreichen. Formver\u00e4nderung und Stellungskorrekturen an Schuhwerk aller Art, einschlie\u00dflich fu\u00dfgerechter Zurichtung an Ma\u00df und Konfektionsschuhen, werden hier im Meisterbetrieb exakt ausgef\u00fchrt. Die orthop\u00e4dische Zurichtung kann viele Probleme des kranken Fu\u00dfes l\u00f6sen. Eine exakte Untersuchung der Fu\u00dfabschnitte ist Voraussetzung der Zurichtung &#8230;<\/p>\n","protected":false},"author":1,"featured_media":0,"parent":0,"menu_order":0,"comment_status":"closed","ping_status":"closed","template":"","meta":{"footnotes":""},"class_list":["post-10","page","type-page","status-publish","hentry","column","threecol"],"_links":{"self":[{"href":"https:\/\/www.moser-orthopaedie.de\/index.php?rest_route=\/wp\/v2\/pages\/10","targetHints":{"allow":["GET"]}}],"collection":[{"href":"https:\/\/www.moser-orthopaedie.de\/index.php?rest_route=\/wp\/v2\/pages"}],"about":[{"href":"https:\/\/www.moser-orthopaedie.de\/index.php?rest_route=\/wp\/v2\/types\/page"}],"author":[{"embeddable":true,"href":"https:\/\/www.moser-orthopaedie.de\/index.php?rest_route=\/wp\/v2\/users\/1"}],"replies":[{"embeddable":true,"href":"https:\/\/www.moser-orthopaedie.de\/index.php?rest_route=%2Fwp%2Fv2%2Fcomments&post=10"}],"version-history":[{"count":1,"href":"https:\/\/www.moser-orthopaedie.de\/index.php?rest_route=\/wp\/v2\/pages\/10\/revisions"}],"predecessor-version":[{"id":11,"href":"https:\/\/www.moser-orthopaedie.de\/index.php?rest_route=\/wp\/v2\/pages\/10\/revisions\/11"}],"wp:attachment":[{"href":"https:\/\/www.moser-orthopaedie.de\/index.php?rest_route=%2Fwp%2Fv2%2Fmedia&parent=10"}],"curies":[{"name":"wp","href":"https:\/\/api.w.org\/{rel}","templated":true}]}}